{"id":1153,"date":"2017-08-01T12:08:33","date_gmt":"2017-08-01T12:08:33","guid":{"rendered":"https:\/\/smart2dservices.com\/faq\/"},"modified":"2021-02-22T13:44:02","modified_gmt":"2021-02-22T13:44:02","slug":"faq","status":"publish","type":"page","link":"https:\/\/smart2dservices.com\/en\/faq\/","title":{"rendered":"FAQ"},"content":{"rendered":"<div data-elementor-type=\"wp-post\" data-elementor-id=\"1153\" class=\"elementor elementor-1153\" data-elementor-settings=\"[]\">\n\t\t\t\t\t\t<div class=\"elementor-inner\">\n\t\t\t\t\t\t\t<div class=\"elementor-section-wrap\">\n\t\t\t\t\t\t\t<section class=\"elementor-section elementor-top-section elementor-element elementor-element-e2708a4 elementor-section-boxed elementor-section-height-default elementor-section-height-default\" data-id=\"e2708a4\" data-element_type=\"section\" data-settings=\"{&quot;background_background&quot;:&quot;classic&quot;}\">\n\t\t\t\t\t\t\t<div class=\"elementor-background-overlay\"><\/div>\n\t\t\t\t\t\t\t<div class=\"elementor-container elementor-column-gap-default\">\n\t\t\t\t\t\t\t<div class=\"elementor-row\">\n\t\t\t\t\t<div class=\"elementor-column elementor-col-100 elementor-top-column elementor-element elementor-element-bdfef1a\" data-id=\"bdfef1a\" data-element_type=\"column\">\n\t\t\t<div class=\"elementor-column-wrap elementor-element-populated\">\n\t\t\t\t\t\t\t<div class=\"elementor-widget-wrap\">\n\t\t\t\t\t\t<div class=\"elementor-element elementor-element-yrdtibv elementor-widget elementor-widget-heading\" data-id=\"yrdtibv\" data-element_type=\"widget\" data-widget_type=\"heading.default\">\n\t\t\t\t<div class=\"elementor-widget-container\">\n\t\t\t<h1 class=\"elementor-heading-title elementor-size-default\">FAQ<\/h1>\t\t<\/div>\n\t\t\t\t<\/div>\n\t\t\t\t\t\t<\/div>\n\t\t\t\t\t<\/div>\n\t\t<\/div>\n\t\t\t\t\t\t\t\t<\/div>\n\t\t\t\t\t<\/div>\n\t\t<\/section>\n\t\t\t\t<section class=\"elementor-section elementor-top-section elementor-element elementor-element-kek3j0k elementor-section-stretched elementor-section-boxed elementor-section-height-default elementor-section-height-default\" data-id=\"kek3j0k\" data-element_type=\"section\" data-settings=\"{&quot;stretch_section&quot;:&quot;section-stretched&quot;}\">\n\t\t\t\t\t\t<div class=\"elementor-container elementor-column-gap-default\">\n\t\t\t\t\t\t\t<div class=\"elementor-row\">\n\t\t\t\t\t<div class=\"elementor-column elementor-col-100 elementor-top-column elementor-element elementor-element-11rso32\" data-id=\"11rso32\" data-element_type=\"column\">\n\t\t\t<div class=\"elementor-column-wrap elementor-element-populated\">\n\t\t\t\t\t\t\t<div class=\"elementor-widget-wrap\">\n\t\t\t\t\t\t<div class=\"elementor-element elementor-element-zr8ktfv elementor-widget elementor-widget-heading\" data-id=\"zr8ktfv\" data-element_type=\"widget\" data-widget_type=\"heading.default\">\n\t\t\t\t<div class=\"elementor-widget-container\">\n\t\t\t<h3 class=\"elementor-heading-title elementor-size-default\">Frequently Asked Questions\n<\/h3>\t\t<\/div>\n\t\t\t\t<\/div>\n\t\t\t\t<div class=\"elementor-element elementor-element-ngixo5i elementor-widget elementor-widget-text-editor\" data-id=\"ngixo5i\" data-element_type=\"widget\" data-widget_type=\"text-editor.default\">\n\t\t\t\t<div class=\"elementor-widget-container\">\n\t\t\t\t\t<div class=\"elementor-text-editor elementor-clearfix\"><\/div>\n\t\t\t\t<\/div>\n\t\t\t\t<\/div>\n\t\t\t\t<section class=\"elementor-section elementor-inner-section elementor-element elementor-element-njz4f35 elementor-section-content-top elementor-section-boxed elementor-section-height-default elementor-section-height-default\" data-id=\"njz4f35\" data-element_type=\"section\">\n\t\t\t\t\t\t<div class=\"elementor-container elementor-column-gap-default\">\n\t\t\t\t\t\t\t<div class=\"elementor-row\">\n\t\t\t\t\t<div class=\"elementor-column elementor-col-50 elementor-inner-column elementor-element elementor-element-10o65q3\" data-id=\"10o65q3\" data-element_type=\"column\">\n\t\t\t<div class=\"elementor-column-wrap elementor-element-populated\">\n\t\t\t\t\t\t\t<div class=\"elementor-widget-wrap\">\n\t\t\t\t\t\t<div class=\"elementor-element elementor-element-9bi7lg2 elementor-widget elementor-widget-accordion\" data-id=\"9bi7lg2\" data-element_type=\"widget\" data-widget_type=\"accordion.default\">\n\t\t\t\t<div class=\"elementor-widget-container\">\n\t\t\t\t\t<div class=\"elementor-accordion\" role=\"tablist\">\n\t\t\t\t\t\t\t<div class=\"elementor-accordion-item\">\n\t\t\t\t\t<div id=\"elementor-tab-title-3971\" class=\"elementor-tab-title\" data-tab=\"1\" role=\"tab\" aria-controls=\"elementor-tab-content-3971\">\n\t\t\t\t\t\t\t\t\t\t\t\t\t<span class=\"elementor-accordion-icon elementor-accordion-icon-right\" aria-hidden=\"true\">\n\t\t\t\t\t\t\t\t\t\t\t\t\t\t\t<span class=\"elementor-accordion-icon-closed\"><i class=\"fas fa-plus\"><\/i><\/span>\n\t\t\t\t\t\t\t\t<span class=\"elementor-accordion-icon-opened\"><i class=\"fas fa-minus\"><\/i><\/span>\n\t\t\t\t\t\t\t\t\t\t\t\t\t\t<\/span>\n\t\t\t\t\t\t\t\t\t\t\t\t<a class=\"elementor-accordion-title\" href=\"\">What is Oracle Database Cloud Service?<\/a>\n\t\t\t\t\t<\/div>\n\t\t\t\t\t<div id=\"elementor-tab-content-3971\" class=\"elementor-tab-content elementor-clearfix\" data-tab=\"1\" role=\"tabpanel\" aria-labelledby=\"elementor-tab-title-3971\"><p><span>Oracle Database Cloud Service allows you to easily create, scale, and secure Oracle databases in the cloud. You create databases on database systems, which are either bare metal servers (with local NVMe flash storage or SSD) or virtual machines with block volumes, both of which offer high performance and pricing. profitable. The service also enables support for the cloud-first implementation of Oracle RAC on virtual machine servers at the network layer of the virtual cloud.<\/span><\/p><p class=\" translation-block\"><span>Vous pouvez g\u00e9rer vos bases de donn\u00e9es \u00e0 l\u2019aide d\u2019outils simplifi\u00e9s tels que l\u2019application de correctifs, Data Guard ou la sauvegarde \/ restauration, <\/span>qui sont tous accessibles \u00e0 l\u2019aide des API<\/p><\/div>\n\t\t\t\t<\/div>\n\t\t\t\t\t\t\t<div class=\"elementor-accordion-item\">\n\t\t\t\t\t<div id=\"elementor-tab-title-3972\" class=\"elementor-tab-title\" data-tab=\"2\" role=\"tab\" aria-controls=\"elementor-tab-content-3972\">\n\t\t\t\t\t\t\t\t\t\t\t\t\t<span class=\"elementor-accordion-icon elementor-accordion-icon-right\" aria-hidden=\"true\">\n\t\t\t\t\t\t\t\t\t\t\t\t\t\t\t<span class=\"elementor-accordion-icon-closed\"><i class=\"fas fa-plus\"><\/i><\/span>\n\t\t\t\t\t\t\t\t<span class=\"elementor-accordion-icon-opened\"><i class=\"fas fa-minus\"><\/i><\/span>\n\t\t\t\t\t\t\t\t\t\t\t\t\t\t<\/span>\n\t\t\t\t\t\t\t\t\t\t\t\t<a class=\"elementor-accordion-title\" href=\"\">What features does Oracle Database Cloud Service provide?<\/a>\n\t\t\t\t\t<\/div>\n\t\t\t\t\t<div id=\"elementor-tab-content-3972\" class=\"elementor-tab-content elementor-clearfix\" data-tab=\"2\" role=\"tabpanel\" aria-labelledby=\"elementor-tab-title-3972\"><p><span>Oracle Database Cloud Service provisions a database system with the required number of cores on a bare metal server or high performance virtual machine, deploys Oracle Database software with the edition of your choice, and creates the database system in a virtual cloud network (VCN). The VCN is a private network with user-configured security lists that protect the DB system from unauthorized access.<\/span><\/p><p><span>Oracle Database Cloud Service also provides management features such as remediation of database services, configuring high availability using Oracle Data Guard, and backup \/ restore, which simplifies the day-to-day tasks required to running your Oracle databases.<\/span><\/p><\/div>\n\t\t\t\t<\/div>\n\t\t\t\t\t\t\t<div class=\"elementor-accordion-item\">\n\t\t\t\t\t<div id=\"elementor-tab-title-3973\" class=\"elementor-tab-title\" data-tab=\"3\" role=\"tab\" aria-controls=\"elementor-tab-content-3973\">\n\t\t\t\t\t\t\t\t\t\t\t\t\t<span class=\"elementor-accordion-icon elementor-accordion-icon-right\" aria-hidden=\"true\">\n\t\t\t\t\t\t\t\t\t\t\t\t\t\t\t<span class=\"elementor-accordion-icon-closed\"><i class=\"fas fa-plus\"><\/i><\/span>\n\t\t\t\t\t\t\t\t<span class=\"elementor-accordion-icon-opened\"><i class=\"fas fa-minus\"><\/i><\/span>\n\t\t\t\t\t\t\t\t\t\t\t\t\t\t<\/span>\n\t\t\t\t\t\t\t\t\t\t\t\t<a class=\"elementor-accordion-title\" href=\"\">How can I create my first database?<\/a>\n\t\t\t\t\t<\/div>\n\t\t\t\t\t<div id=\"elementor-tab-content-3973\" class=\"elementor-tab-content elementor-clearfix\" data-tab=\"3\" role=\"tabpanel\" aria-labelledby=\"elementor-tab-title-3973\"><p class=\" translation-block\"><span> Once you have created an Oracle Cloud Infrastructure account, you can create an Oracle database on Database Cloud Service using the <\/span> <a tabindex = \"0\" href = \"https: \/ \/console.us-phoenix-1.oraclecloud.com\/ \"aria-hidden =\" false \"target =\" _ self \"> <span> console <\/span> <\/a> <span>, <\/span> <a tabindex = \"0\" href = \"https:\/\/docs.us-phoenix-1.oraclecloud.com\/api\/#\/en\/identity\/20160918\/\" aria-hidden = \"false\" target = \"_ self\"> <span> REST APIs <\/span> <\/a> <span>, <\/span> <a tabindex = \"0\" href = \"https:\/\/docs.us-phoenix-1.oraclecloud.com\/Content\/API \/SDKDocs\/cli.htm \"aria-hidden =\" false \"target =\" _ self \"> <span> CLI <\/span> <\/a> <span> <\/span><\/p><\/div>\n\t\t\t\t<\/div>\n\t\t\t\t\t\t\t<div class=\"elementor-accordion-item\">\n\t\t\t\t\t<div id=\"elementor-tab-title-3974\" class=\"elementor-tab-title\" data-tab=\"4\" role=\"tab\" aria-controls=\"elementor-tab-content-3974\">\n\t\t\t\t\t\t\t\t\t\t\t\t\t<span class=\"elementor-accordion-icon elementor-accordion-icon-right\" aria-hidden=\"true\">\n\t\t\t\t\t\t\t\t\t\t\t\t\t\t\t<span class=\"elementor-accordion-icon-closed\"><i class=\"fas fa-plus\"><\/i><\/span>\n\t\t\t\t\t\t\t\t<span class=\"elementor-accordion-icon-opened\"><i class=\"fas fa-minus\"><\/i><\/span>\n\t\t\t\t\t\t\t\t\t\t\t\t\t\t<\/span>\n\t\t\t\t\t\t\t\t\t\t\t\t<a class=\"elementor-accordion-title\" href=\"\">How do I pay for the resources I consume?<\/a>\n\t\t\t\t\t<\/div>\n\t\t\t\t\t<div id=\"elementor-tab-content-3974\" class=\"elementor-tab-content elementor-clearfix\" data-tab=\"4\" role=\"tabpanel\" aria-labelledby=\"elementor-tab-title-3974\"><p><span>Bare metal servers and virtual machines support Oracle\u2019s Universal Credit Model (UCM) with \u201clicense included\u201d and \u201cbring your own license\u201d pricing. Pricing is flexible, with pay-as-you-go (PAYG) and annual UCM flex options available. The price depends on the edition of the selected database, the form of the database. and the number of cores you choose.<\/span><\/p><p class=\" translation-block\"><span> You can consume Oracle Database Cloud Service DB instances by creating an account at <\/span> <a tabindex = \"0\" href = \"https:\/\/shop.oracle.com\/\" aria-hidden = \"false\" target = \"_ self\"> <span> shop.oracle.com <\/span> <\/a> <span>. Existing customers can also contact their sales representative to create an account and activate an existing credit pool, or purchase a new pool, to consume Oracle Cloud Infrastructure resources. Refer to the <\/span> <a tabindex = \"0\" href = \"https:\/\/www.oracle.com\/database\/bare-metal-cloud-pricing.html\" aria-hidden = \"false\" target = \"_self\"> <span> Bare Metal server pricing <\/span> <\/a> <span> and <\/span> <a tabindex = \"0\" href = \"https:\/\/www.oracle.com\/ database \/ vm-cloud-pricing.html \"aria-hidden =\" false \"target =\" _ self \"> <span> pricing of virtual machines <\/span> <\/a> <span> for more details. <\/span><\/p><\/div>\n\t\t\t\t<\/div>\n\t\t\t\t\t\t\t<div class=\"elementor-accordion-item\">\n\t\t\t\t\t<div id=\"elementor-tab-title-3975\" class=\"elementor-tab-title\" data-tab=\"5\" role=\"tab\" aria-controls=\"elementor-tab-content-3975\">\n\t\t\t\t\t\t\t\t\t\t\t\t\t<span class=\"elementor-accordion-icon elementor-accordion-icon-right\" aria-hidden=\"true\">\n\t\t\t\t\t\t\t\t\t\t\t\t\t\t\t<span class=\"elementor-accordion-icon-closed\"><i class=\"fas fa-plus\"><\/i><\/span>\n\t\t\t\t\t\t\t\t<span class=\"elementor-accordion-icon-opened\"><i class=\"fas fa-minus\"><\/i><\/span>\n\t\t\t\t\t\t\t\t\t\t\t\t\t\t<\/span>\n\t\t\t\t\t\t\t\t\t\t\t\t<a class=\"elementor-accordion-title\" href=\"\">What versions of Oracle Database software are supported?<\/a>\n\t\t\t\t\t<\/div>\n\t\t\t\t\t<div id=\"elementor-tab-content-3975\" class=\"elementor-tab-content elementor-clearfix\" data-tab=\"5\" role=\"tabpanel\" aria-labelledby=\"elementor-tab-title-3975\"><p>Currently, Oracle Database Cloud Service supports Oracle Database versions 11.2.0.4, 12.1.0.2, 12.2.0.1, 18c, 19c, and 21c.<\/p><\/div>\n\t\t\t\t<\/div>\n\t\t\t\t\t\t\t<div class=\"elementor-accordion-item\">\n\t\t\t\t\t<div id=\"elementor-tab-title-3976\" class=\"elementor-tab-title\" data-tab=\"6\" role=\"tab\" aria-controls=\"elementor-tab-content-3976\">\n\t\t\t\t\t\t\t\t\t\t\t\t\t<span class=\"elementor-accordion-icon elementor-accordion-icon-right\" aria-hidden=\"true\">\n\t\t\t\t\t\t\t\t\t\t\t\t\t\t\t<span class=\"elementor-accordion-icon-closed\"><i class=\"fas fa-plus\"><\/i><\/span>\n\t\t\t\t\t\t\t\t<span class=\"elementor-accordion-icon-opened\"><i class=\"fas fa-minus\"><\/i><\/span>\n\t\t\t\t\t\t\t\t\t\t\t\t\t\t<\/span>\n\t\t\t\t\t\t\t\t\t\t\t\t<a class=\"elementor-accordion-title\" href=\"\">What editions of Oracle Database software are supported?<\/a>\n\t\t\t\t\t<\/div>\n\t\t\t\t\t<div id=\"elementor-tab-content-3976\" class=\"elementor-tab-content elementor-clearfix\" data-tab=\"6\" role=\"tabpanel\" aria-labelledby=\"elementor-tab-title-3976\"><p><span>The following editions of Oracle Database software are supported and optimized for the cloud.<\/span><\/p><ul class=\"obullets\"><li aria-expanded=\"false\" aria-hidden=\"true\"><span>standard edition<\/span><\/li><li aria-expanded=\"false\" aria-hidden=\"true\"><span>Entreprise edition<\/span><\/li><li aria-expanded=\"false\" aria-hidden=\"true\"><span>High Performance Enterprise Edition<\/span><\/li><li aria-expanded=\"false\" aria-hidden=\"true\"><span>Extreme performance of the Enterprise edition<\/span><\/li><\/ul><\/div>\n\t\t\t\t<\/div>\n\t\t\t\t\t<\/div>\n\t\t\t\t<\/div>\n\t\t\t\t<\/div>\n\t\t\t\t\t\t<\/div>\n\t\t\t\t\t<\/div>\n\t\t<\/div>\n\t\t\t\t<div class=\"elementor-column elementor-col-50 elementor-inner-column elementor-element elementor-element-3lfhf4q\" data-id=\"3lfhf4q\" data-element_type=\"column\">\n\t\t\t<div class=\"elementor-column-wrap elementor-element-populated\">\n\t\t\t\t\t\t\t<div class=\"elementor-widget-wrap\">\n\t\t\t\t\t\t<div class=\"elementor-element elementor-element-x9zj4an elementor-widget elementor-widget-image\" data-id=\"x9zj4an\" data-element_type=\"widget\" data-widget_type=\"image.default\">\n\t\t\t\t<div class=\"elementor-widget-container\">\n\t\t\t\t\t<div class=\"elementor-image\">\n\t\t\t\t\t\t\t\t\t\t<img width=\"1200\" height=\"630\" src=\"https:\/\/smart2dservices.com\/wp-content\/uploads\/2021\/02\/samba-server-t.jpg\" class=\"attachment-full size-full\" alt=\"\" loading=\"lazy\" srcset=\"https:\/\/smart2dservices.com\/wp-content\/uploads\/2021\/02\/samba-server-t.jpg 1200w, https:\/\/smart2dservices.com\/wp-content\/uploads\/2021\/02\/samba-server-t-300x158.jpg 300w, https:\/\/smart2dservices.com\/wp-content\/uploads\/2021\/02\/samba-server-t-1024x538.jpg 1024w, https:\/\/smart2dservices.com\/wp-content\/uploads\/2021\/02\/samba-server-t-768x403.jpg 768w\" sizes=\"(max-width: 1200px) 100vw, 1200px\" \/>\t\t\t\t\t\t\t\t\t\t\t<\/div>\n\t\t\t\t<\/div>\n\t\t\t\t<\/div>\n\t\t\t\t\t\t<\/div>\n\t\t\t\t\t<\/div>\n\t\t<\/div>\n\t\t\t\t\t\t\t\t<\/div>\n\t\t\t\t\t<\/div>\n\t\t<\/section>\n\t\t\t\t\t\t<\/div>\n\t\t\t\t\t<\/div>\n\t\t<\/div>\n\t\t\t\t\t\t\t\t<\/div>\n\t\t\t\t\t<\/div>\n\t\t<\/section>\n\t\t\t\t\t\t<\/div>\n\t\t\t\t\t\t<\/div>\n\t\t\t\t\t<\/div>","protected":false},"excerpt":{"rendered":"<p>FAQ Questions fr\u00e9quemment pos\u00e9es Qu&rsquo;est-ce qu&rsquo;Oracle Database Cloud Service? Oracle Database Cloud Service vous permet de cr\u00e9er, de mettre \u00e0 l&#8217;\u00e9chelle et de s\u00e9curiser facilement des bases de donn\u00e9es Oracle dans le cloud.\u00a0Vous cr\u00e9ez des bases de donn\u00e9es sur des syst\u00e8mes de base de donn\u00e9es, qui sont soit des serveurs bare metal (avec stockage flash &hellip;<\/p>\n<p class=\"read-more\"> <a class=\"\" href=\"https:\/\/smart2dservices.com\/en\/faq\/\"> <span class=\"screen-reader-text\">FAQ<\/span> Read More &raquo;<\/a><\/p>","protected":false},"author":1,"featured_media":0,"parent":0,"menu_order":0,"comment_status":"closed","ping_status":"closed","template":"","meta":[],"yoast_head":"<!-- This site is optimized with the Yoast SEO plugin v15.9 - https:\/\/yoast.com\/wordpress\/plugins\/seo\/ -->\n<title>FAQ | SMART 2D SERVICES<\/title>\n<meta name=\"robots\" content=\"index, follow, max-snippet:-1, max-image-preview:large, max-video-preview:-1\" \/>\n<link rel=\"canonical\" href=\"https:\/\/smart2dservices.com\/en\/faq\/\" \/>\n<meta property=\"og:locale\" content=\"en_US\" \/>\n<meta property=\"og:type\" content=\"article\" \/>\n<meta property=\"og:title\" content=\"FAQ | SMART 2D SERVICES\" \/>\n<meta property=\"og:description\" content=\"FAQ Questions fr\u00e9quemment pos\u00e9es Qu&rsquo;est-ce qu&rsquo;Oracle Database Cloud Service? Oracle Database Cloud Service vous permet de cr\u00e9er, de mettre \u00e0 l&#8217;\u00e9chelle et de s\u00e9curiser facilement des bases de donn\u00e9es Oracle dans le cloud.\u00a0Vous cr\u00e9ez des bases de donn\u00e9es sur des syst\u00e8mes de base de donn\u00e9es, qui sont soit des serveurs bare metal (avec stockage flash &hellip; FAQ Read More &raquo;\" \/>\n<meta property=\"og:url\" content=\"https:\/\/smart2dservices.com\/en\/faq\/\" \/>\n<meta property=\"og:site_name\" content=\"SMART 2D SERVICES\" \/>\n<meta property=\"article:modified_time\" content=\"2021-02-22T13:44:02+00:00\" \/>\n<meta property=\"og:image\" content=\"https:\/\/smart2dservices.com\/wp-content\/uploads\/2021\/02\/samba-server-t.jpg\" \/>\n<meta name=\"twitter:card\" content=\"summary_large_image\" \/>\n<meta name=\"twitter:label1\" content=\"Est. reading time\">\n\t<meta name=\"twitter:data1\" content=\"3 minutes\">\n<script type=\"application\/ld+json\" class=\"yoast-schema-graph\">{\"@context\":\"https:\/\/schema.org\",\"@graph\":[{\"@type\":\"Organization\",\"@id\":\"https:\/\/smart2dservices.com\/#organization\",\"name\":\"SMART 2D SERVICES\",\"url\":\"https:\/\/smart2dservices.com\/\",\"sameAs\":[],\"logo\":{\"@type\":\"ImageObject\",\"@id\":\"https:\/\/smart2dservices.com\/#logo\",\"inLanguage\":\"en-US\",\"url\":\"https:\/\/smart2dservices.com\/wp-content\/uploads\/2020\/07\/cropped-BIG-PNG.png\",\"width\":777,\"height\":259,\"caption\":\"SMART 2D SERVICES\"},\"image\":{\"@id\":\"https:\/\/smart2dservices.com\/#logo\"}},{\"@type\":\"WebSite\",\"@id\":\"https:\/\/smart2dservices.com\/#website\",\"url\":\"https:\/\/smart2dservices.com\/\",\"name\":\"SMART 2D SERVICES\",\"description\":\"\",\"publisher\":{\"@id\":\"https:\/\/smart2dservices.com\/#organization\"},\"potentialAction\":[{\"@type\":\"SearchAction\",\"target\":\"https:\/\/smart2dservices.com\/?s={search_term_string}\",\"query-input\":\"required name=search_term_string\"}],\"inLanguage\":\"en-US\"},{\"@type\":\"ImageObject\",\"@id\":\"https:\/\/smart2dservices.com\/faq\/#primaryimage\",\"inLanguage\":\"en-US\",\"url\":\"https:\/\/smart2dservices.com\/wp-content\/uploads\/2021\/02\/samba-server-t.jpg\",\"width\":1200,\"height\":630},{\"@type\":\"WebPage\",\"@id\":\"https:\/\/smart2dservices.com\/faq\/#webpage\",\"url\":\"https:\/\/smart2dservices.com\/faq\/\",\"name\":\"FAQ | SMART 2D SERVICES\",\"isPartOf\":{\"@id\":\"https:\/\/smart2dservices.com\/#website\"},\"primaryImageOfPage\":{\"@id\":\"https:\/\/smart2dservices.com\/faq\/#primaryimage\"},\"datePublished\":\"2017-08-01T12:08:33+00:00\",\"dateModified\":\"2021-02-22T13:44:02+00:00\",\"breadcrumb\":{\"@id\":\"https:\/\/smart2dservices.com\/faq\/#breadcrumb\"},\"inLanguage\":\"en-US\",\"potentialAction\":[{\"@type\":\"ReadAction\",\"target\":[\"https:\/\/smart2dservices.com\/faq\/\"]}]},{\"@type\":\"BreadcrumbList\",\"@id\":\"https:\/\/smart2dservices.com\/faq\/#breadcrumb\",\"itemListElement\":[{\"@type\":\"ListItem\",\"position\":1,\"item\":{\"@type\":\"WebPage\",\"@id\":\"https:\/\/smart2dservices.com\/\",\"url\":\"https:\/\/smart2dservices.com\/\",\"name\":\"Accueil\"}},{\"@type\":\"ListItem\",\"position\":2,\"item\":{\"@type\":\"WebPage\",\"@id\":\"https:\/\/smart2dservices.com\/faq\/\",\"url\":\"https:\/\/smart2dservices.com\/faq\/\",\"name\":\"FAQ\"}}]}]}<\/script>\n<!-- \/ Yoast SEO plugin. -->","_links":{"self":[{"href":"https:\/\/smart2dservices.com\/en\/wp-json\/wp\/v2\/pages\/1153"}],"collection":[{"href":"https:\/\/smart2dservices.com\/en\/wp-json\/wp\/v2\/pages"}],"about":[{"href":"https:\/\/smart2dservices.com\/en\/wp-json\/wp\/v2\/types\/page"}],"author":[{"embeddable":true,"href":"https:\/\/smart2dservices.com\/en\/wp-json\/wp\/v2\/users\/1"}],"replies":[{"embeddable":true,"href":"https:\/\/smart2dservices.com\/en\/wp-json\/wp\/v2\/comments?post=1153"}],"version-history":[{"count":18,"href":"https:\/\/smart2dservices.com\/en\/wp-json\/wp\/v2\/pages\/1153\/revisions"}],"predecessor-version":[{"id":1637,"href":"https:\/\/smart2dservices.com\/en\/wp-json\/wp\/v2\/pages\/1153\/revisions\/1637"}],"wp:attachment":[{"href":"https:\/\/smart2dservices.com\/en\/wp-json\/wp\/v2\/media?parent=1153"}],"curies":[{"name":"wp","href":"https:\/\/api.w.org\/{rel}","templated":true}]}}