{"id":1151,"date":"2017-08-01T12:07:51","date_gmt":"2017-08-01T12:07:51","guid":{"rendered":"https:\/\/smart2dservices.com\/about-us\/"},"modified":"2021-02-24T17:09:49","modified_gmt":"2021-02-24T17:09:49","slug":"about-us","status":"publish","type":"page","link":"https:\/\/smart2dservices.com\/en\/about-us\/","title":{"rendered":"About Us"},"content":{"rendered":"<div data-elementor-type=\"wp-post\" data-elementor-id=\"1151\" class=\"elementor elementor-1151\" data-elementor-settings=\"[]\">\n\t\t\t\t\t\t<div class=\"elementor-inner\">\n\t\t\t\t\t\t\t<div class=\"elementor-section-wrap\">\n\t\t\t\t\t\t\t<section class=\"elementor-section elementor-top-section elementor-element elementor-element-c532954 elementor-section-boxed elementor-section-height-default elementor-section-height-default\" data-id=\"c532954\" data-element_type=\"section\">\n\t\t\t\t\t\t<div class=\"elementor-container elementor-column-gap-default\">\n\t\t\t\t\t\t\t<div class=\"elementor-row\">\n\t\t\t\t\t<div class=\"elementor-column elementor-col-100 elementor-top-column elementor-element elementor-element-a8d836e\" data-id=\"a8d836e\" data-element_type=\"column\">\n\t\t\t<div class=\"elementor-column-wrap elementor-element-populated\">\n\t\t\t\t\t\t\t<div class=\"elementor-widget-wrap\">\n\t\t\t\t\t\t<div class=\"elementor-element elementor-element-07816f7 elementor-widget elementor-widget-spacer\" data-id=\"07816f7\" data-element_type=\"widget\" data-widget_type=\"spacer.default\">\n\t\t\t\t<div class=\"elementor-widget-container\">\n\t\t\t\t\t<div class=\"elementor-spacer\">\n\t\t\t<div class=\"elementor-spacer-inner\"><\/div>\n\t\t<\/div>\n\t\t\t\t<\/div>\n\t\t\t\t<\/div>\n\t\t\t\t\t\t<\/div>\n\t\t\t\t\t<\/div>\n\t\t<\/div>\n\t\t\t\t\t\t\t\t<\/div>\n\t\t\t\t\t<\/div>\n\t\t<\/section>\n\t\t\t\t<section class=\"elementor-section elementor-top-section elementor-element elementor-element-98831c1 elementor-section-boxed elementor-section-height-default elementor-section-height-default\" data-id=\"98831c1\" data-element_type=\"section\">\n\t\t\t\t\t\t<div class=\"elementor-container elementor-column-gap-default\">\n\t\t\t\t\t\t\t<div class=\"elementor-row\">\n\t\t\t\t\t<div class=\"elementor-column elementor-col-100 elementor-top-column elementor-element elementor-element-274f22c\" data-id=\"274f22c\" data-element_type=\"column\">\n\t\t\t<div class=\"elementor-column-wrap elementor-element-populated\">\n\t\t\t\t\t\t\t<div class=\"elementor-widget-wrap\">\n\t\t\t\t\t\t<div class=\"elementor-element elementor-element-7a1b2ab elementor-widget elementor-widget-heading\" data-id=\"7a1b2ab\" data-element_type=\"widget\" data-widget_type=\"heading.default\">\n\t\t\t\t<div class=\"elementor-widget-container\">\n\t\t\t<h2 class=\"elementor-heading-title elementor-size-default\">About SMART 2D SERVICES <\/h2>\t\t<\/div>\n\t\t\t\t<\/div>\n\t\t\t\t<div class=\"elementor-element elementor-element-1c1ee2c elementor-widget elementor-widget-text-editor\" data-id=\"1c1ee2c\" data-element_type=\"widget\" data-widget_type=\"text-editor.default\">\n\t\t\t\t<div class=\"elementor-widget-container\">\n\t\t\t\t\t<div class=\"elementor-text-editor elementor-clearfix\"><p>SMART 2D is an enterprise database management specialist providing innovative support, managed services and consulting for Oracle technologies.<\/p><p>We pride ourselves on employing world-class Oracle and Microsoft technologists, employing best practice methodology and delivering services both on specification and on budget. Our customer base includes start-ups, mid-market growth organizations and large corporations; our strong point is critical database architectures.<\/p><\/div>\n\t\t\t\t<\/div>\n\t\t\t\t<\/div>\n\t\t\t\t\t\t<\/div>\n\t\t\t\t\t<\/div>\n\t\t<\/div>\n\t\t\t\t\t\t\t\t<\/div>\n\t\t\t\t\t<\/div>\n\t\t<\/section>\n\t\t\t\t<section class=\"elementor-section elementor-top-section elementor-element elementor-element-a0304b1 elementor-section-boxed elementor-section-height-default elementor-section-height-default\" data-id=\"a0304b1\" data-element_type=\"section\">\n\t\t\t\t\t\t<div class=\"elementor-container elementor-column-gap-default\">\n\t\t\t\t\t\t\t<div class=\"elementor-row\">\n\t\t\t\t\t<div class=\"elementor-column elementor-col-100 elementor-top-column elementor-element elementor-element-86c602b\" data-id=\"86c602b\" data-element_type=\"column\">\n\t\t\t<div class=\"elementor-column-wrap elementor-element-populated\">\n\t\t\t\t\t\t\t<div class=\"elementor-widget-wrap\">\n\t\t\t\t\t\t<div class=\"elementor-element elementor-element-b307472 elementor-widget elementor-widget-spacer\" data-id=\"b307472\" data-element_type=\"widget\" data-widget_type=\"spacer.default\">\n\t\t\t\t<div class=\"elementor-widget-container\">\n\t\t\t\t\t<div class=\"elementor-spacer\">\n\t\t\t<div class=\"elementor-spacer-inner\"><\/div>\n\t\t<\/div>\n\t\t\t\t<\/div>\n\t\t\t\t<\/div>\n\t\t\t\t\t\t<\/div>\n\t\t\t\t\t<\/div>\n\t\t<\/div>\n\t\t\t\t\t\t\t\t<\/div>\n\t\t\t\t\t<\/div>\n\t\t<\/section>\n\t\t\t\t<section class=\"elementor-section elementor-top-section elementor-element elementor-element-73035cc3 elementor-section-full_width elementor-section-height-default elementor-section-height-default\" data-id=\"73035cc3\" data-element_type=\"section\" data-settings=\"{&quot;background_background&quot;:&quot;classic&quot;}\">\n\t\t\t\t\t\t<div class=\"elementor-container elementor-column-gap-default\">\n\t\t\t\t\t\t\t<div class=\"elementor-row\">\n\t\t\t\t\t<div class=\"elementor-column elementor-col-100 elementor-top-column elementor-element elementor-element-55904ed7\" data-id=\"55904ed7\" data-element_type=\"column\">\n\t\t\t<div class=\"elementor-column-wrap elementor-element-populated\">\n\t\t\t\t\t\t\t<div class=\"elementor-widget-wrap\">\n\t\t\t\t\t\t<section class=\"elementor-section elementor-inner-section elementor-element elementor-element-16dc62e5 elementor-section-boxed elementor-section-height-default elementor-section-height-default\" data-id=\"16dc62e5\" data-element_type=\"section\">\n\t\t\t\t\t\t<div class=\"elementor-container elementor-column-gap-default\">\n\t\t\t\t\t\t\t<div class=\"elementor-row\">\n\t\t\t\t\t<div class=\"elementor-column elementor-col-50 elementor-inner-column elementor-element elementor-element-468d1351\" data-id=\"468d1351\" data-element_type=\"column\">\n\t\t\t<div class=\"elementor-column-wrap elementor-element-populated\">\n\t\t\t\t\t\t\t<div class=\"elementor-widget-wrap\">\n\t\t\t\t\t\t<div class=\"elementor-element elementor-element-3791d7fd elementor-widget elementor-widget-image\" data-id=\"3791d7fd\" data-element_type=\"widget\" data-widget_type=\"image.default\">\n\t\t\t\t<div class=\"elementor-widget-container\">\n\t\t\t\t\t<div class=\"elementor-image\">\n\t\t\t\t\t\t\t\t\t\t<img width=\"1024\" height=\"569\" src=\"https:\/\/smart2dservices.com\/wp-content\/uploads\/2021\/02\/Oracle-1024x569.jpg\" class=\"attachment-large size-large\" alt=\"\" loading=\"lazy\" srcset=\"https:\/\/smart2dservices.com\/wp-content\/uploads\/2021\/02\/Oracle-1024x569.jpg 1024w, https:\/\/smart2dservices.com\/wp-content\/uploads\/2021\/02\/Oracle-300x167.jpg 300w, https:\/\/smart2dservices.com\/wp-content\/uploads\/2021\/02\/Oracle-768x427.jpg 768w, https:\/\/smart2dservices.com\/wp-content\/uploads\/2021\/02\/Oracle.jpg 1080w\" sizes=\"(max-width: 1024px) 100vw, 1024px\" \/>\t\t\t\t\t\t\t\t\t\t\t<\/div>\n\t\t\t\t<\/div>\n\t\t\t\t<\/div>\n\t\t\t\t\t\t<\/div>\n\t\t\t\t\t<\/div>\n\t\t<\/div>\n\t\t\t\t<div class=\"elementor-column elementor-col-50 elementor-inner-column elementor-element elementor-element-658087b0\" data-id=\"658087b0\" data-element_type=\"column\">\n\t\t\t<div class=\"elementor-column-wrap elementor-element-populated\">\n\t\t\t\t\t\t\t<div class=\"elementor-widget-wrap\">\n\t\t\t\t\t\t<div class=\"elementor-element elementor-element-a0d979a elementor-widget elementor-widget-text-editor\" data-id=\"a0d979a\" data-element_type=\"widget\" data-widget_type=\"text-editor.default\">\n\t\t\t\t<div class=\"elementor-widget-container\">\n\t\t\t\t\t<div class=\"elementor-text-editor elementor-clearfix\"><p>SMART 2D SERVICE, a technological and IT innovation company specializing in the implementation of ORACLE software, OS LINUX (RED HAT, ORACLE) UNIX (AIX, SOLARIS) through training in ORACLE Database, Network security (Guardicore ), Webhosting services with cPanel, website and application design, and the sale of computer equipment (HP, IBM servers, etc.)<\/p><\/div>\n\t\t\t\t<\/div>\n\t\t\t\t<\/div>\n\t\t\t\t<div class=\"elementor-element elementor-element-2260d50 elementor-align-left elementor-mobile-align-left elementor-icon-list--layout-traditional elementor-list-item-link-full_width elementor-widget elementor-widget-icon-list\" data-id=\"2260d50\" data-element_type=\"widget\" data-widget_type=\"icon-list.default\">\n\t\t\t\t<div class=\"elementor-widget-container\">\n\t\t\t\t\t<ul class=\"elementor-icon-list-items\">\n\t\t\t\t\t\t\t<li class=\"elementor-icon-list-item\">\n\t\t\t\t\t<a href=\"https:\/\/smart2dservices.com\/en\/services-oracle\/\">\t\t\t\t\t\t<span class=\"elementor-icon-list-icon\">\n\t\t\t\t\t\t\t<i aria-hidden=\"true\" class=\"fas fa-angle-double-right\"><\/i>\t\t\t\t\t\t<\/span>\n\t\t\t\t\t\t\t\t\t\t<span class=\"elementor-icon-list-text\">ORACLE Data Base support<\/span>\n\t\t\t\t\t\t\t\t\t\t\t<\/a>\n\t\t\t\t\t\t\t\t\t<\/li>\n\t\t\t\t\t\t\t\t<li class=\"elementor-icon-list-item\">\n\t\t\t\t\t<a href=\"https:\/\/smart2dservices.com\/en\/services-guardicore\/\">\t\t\t\t\t\t<span class=\"elementor-icon-list-icon\">\n\t\t\t\t\t\t\t<i aria-hidden=\"true\" class=\"fas fa-angle-double-right\"><\/i>\t\t\t\t\t\t<\/span>\n\t\t\t\t\t\t\t\t\t\t<span class=\"elementor-icon-list-text\">Network Security<\/span>\n\t\t\t\t\t\t\t\t\t\t\t<\/a>\n\t\t\t\t\t\t\t\t\t<\/li>\n\t\t\t\t\t\t\t\t<li class=\"elementor-icon-list-item\">\n\t\t\t\t\t<a href=\"#\">\t\t\t\t\t\t<span class=\"elementor-icon-list-icon\">\n\t\t\t\t\t\t\t<i aria-hidden=\"true\" class=\"fas fa-angle-double-right\"><\/i>\t\t\t\t\t\t<\/span>\n\t\t\t\t\t\t\t\t\t\t<span class=\"elementor-icon-list-text\">Webhosting Services<\/span>\n\t\t\t\t\t\t\t\t\t\t\t<\/a>\n\t\t\t\t\t\t\t\t\t<\/li>\n\t\t\t\t\t\t\t\t<li class=\"elementor-icon-list-item\">\n\t\t\t\t\t<a href=\"#\">\t\t\t\t\t\t<span class=\"elementor-icon-list-icon\">\n\t\t\t\t\t\t\t<i aria-hidden=\"true\" class=\"fas fa-angle-double-right\"><\/i>\t\t\t\t\t\t<\/span>\n\t\t\t\t\t\t\t\t\t\t<span class=\"elementor-icon-list-text\">Website and application design<\/span>\n\t\t\t\t\t\t\t\t\t\t\t<\/a>\n\t\t\t\t\t\t\t\t\t<\/li>\n\t\t\t\t\t\t<\/ul>\n\t\t\t\t<\/div>\n\t\t\t\t<\/div>\n\t\t\t\t\t\t<\/div>\n\t\t\t\t\t<\/div>\n\t\t<\/div>\n\t\t\t\t\t\t\t\t<\/div>\n\t\t\t\t\t<\/div>\n\t\t<\/section>\n\t\t\t\t<div class=\"elementor-element elementor-element-3f1cf3 elementor-widget elementor-widget-spacer\" data-id=\"3f1cf3\" data-element_type=\"widget\" data-widget_type=\"spacer.default\">\n\t\t\t\t<div class=\"elementor-widget-container\">\n\t\t\t\t\t<div class=\"elementor-spacer\">\n\t\t\t<div class=\"elementor-spacer-inner\"><\/div>\n\t\t<\/div>\n\t\t\t\t<\/div>\n\t\t\t\t<\/div>\n\t\t\t\t\t\t<\/div>\n\t\t\t\t\t<\/div>\n\t\t<\/div>\n\t\t\t\t\t\t\t\t<\/div>\n\t\t\t\t\t<\/div>\n\t\t<\/section>\n\t\t\t\t\t\t<\/div>\n\t\t\t\t\t\t<\/div>\n\t\t\t\t\t<\/div>","protected":false},"excerpt":{"rendered":"<p>\u00c0 propos de SMART 2D SERVICES SMART 2D est un sp\u00e9cialiste de la gestion de bases de donn\u00e9es d&rsquo;entreprise qui fournit un support innovant, des services g\u00e9r\u00e9s et des conseils pour les technologies Oracle. Nous sommes fiers d&#8217;employer des technologues Oracle et Microsoft de classe mondiale, en utilisant la m\u00e9thodologie des meilleures pratiques et en &hellip;<\/p>\n<p class=\"read-more\"> <a class=\"\" href=\"https:\/\/smart2dservices.com\/en\/about-us\/\"> <span class=\"screen-reader-text\">About Us<\/span> Read More &raquo;<\/a><\/p>","protected":false},"author":1,"featured_media":0,"parent":0,"menu_order":0,"comment_status":"closed","ping_status":"closed","template":"","meta":[],"yoast_head":"<!-- This site is optimized with the Yoast SEO plugin v15.9 - https:\/\/yoast.com\/wordpress\/plugins\/seo\/ -->\n<title>About Us | SMART 2D SERVICES<\/title>\n<meta name=\"robots\" content=\"index, follow, max-snippet:-1, max-image-preview:large, max-video-preview:-1\" \/>\n<link rel=\"canonical\" href=\"https:\/\/smart2dservices.com\/en\/about-us\/\" \/>\n<meta property=\"og:locale\" content=\"en_US\" \/>\n<meta property=\"og:type\" content=\"article\" \/>\n<meta property=\"og:title\" content=\"About Us | SMART 2D SERVICES\" \/>\n<meta property=\"og:description\" content=\"\u00c0 propos de SMART 2D SERVICES SMART 2D est un sp\u00e9cialiste de la gestion de bases de donn\u00e9es d&rsquo;entreprise qui fournit un support innovant, des services g\u00e9r\u00e9s et des conseils pour les technologies Oracle. Nous sommes fiers d&#8217;employer des technologues Oracle et Microsoft de classe mondiale, en utilisant la m\u00e9thodologie des meilleures pratiques et en &hellip; About Us Read More &raquo;\" \/>\n<meta property=\"og:url\" content=\"https:\/\/smart2dservices.com\/en\/about-us\/\" \/>\n<meta property=\"og:site_name\" content=\"SMART 2D SERVICES\" \/>\n<meta property=\"article:modified_time\" content=\"2021-02-24T17:09:49+00:00\" \/>\n<meta property=\"og:image\" content=\"https:\/\/smart2dservices.com\/wp-content\/uploads\/2021\/02\/Oracle-1024x569.jpg\" \/>\n<meta name=\"twitter:card\" content=\"summary_large_image\" \/>\n<meta name=\"twitter:label1\" content=\"Est. reading time\">\n\t<meta name=\"twitter:data1\" content=\"1 minute\">\n<script type=\"application\/ld+json\" class=\"yoast-schema-graph\">{\"@context\":\"https:\/\/schema.org\",\"@graph\":[{\"@type\":\"Organization\",\"@id\":\"https:\/\/smart2dservices.com\/#organization\",\"name\":\"SMART 2D SERVICES\",\"url\":\"https:\/\/smart2dservices.com\/\",\"sameAs\":[],\"logo\":{\"@type\":\"ImageObject\",\"@id\":\"https:\/\/smart2dservices.com\/#logo\",\"inLanguage\":\"en-US\",\"url\":\"https:\/\/smart2dservices.com\/wp-content\/uploads\/2020\/07\/cropped-BIG-PNG.png\",\"width\":777,\"height\":259,\"caption\":\"SMART 2D SERVICES\"},\"image\":{\"@id\":\"https:\/\/smart2dservices.com\/#logo\"}},{\"@type\":\"WebSite\",\"@id\":\"https:\/\/smart2dservices.com\/#website\",\"url\":\"https:\/\/smart2dservices.com\/\",\"name\":\"SMART 2D SERVICES\",\"description\":\"\",\"publisher\":{\"@id\":\"https:\/\/smart2dservices.com\/#organization\"},\"potentialAction\":[{\"@type\":\"SearchAction\",\"target\":\"https:\/\/smart2dservices.com\/?s={search_term_string}\",\"query-input\":\"required name=search_term_string\"}],\"inLanguage\":\"en-US\"},{\"@type\":\"ImageObject\",\"@id\":\"https:\/\/smart2dservices.com\/about-us\/#primaryimage\",\"inLanguage\":\"en-US\",\"url\":\"https:\/\/smart2dservices.com\/wp-content\/uploads\/2021\/02\/Oracle.jpg\",\"width\":1080,\"height\":600},{\"@type\":\"WebPage\",\"@id\":\"https:\/\/smart2dservices.com\/about-us\/#webpage\",\"url\":\"https:\/\/smart2dservices.com\/about-us\/\",\"name\":\"About Us | SMART 2D SERVICES\",\"isPartOf\":{\"@id\":\"https:\/\/smart2dservices.com\/#website\"},\"primaryImageOfPage\":{\"@id\":\"https:\/\/smart2dservices.com\/about-us\/#primaryimage\"},\"datePublished\":\"2017-08-01T12:07:51+00:00\",\"dateModified\":\"2021-02-24T17:09:49+00:00\",\"breadcrumb\":{\"@id\":\"https:\/\/smart2dservices.com\/about-us\/#breadcrumb\"},\"inLanguage\":\"en-US\",\"potentialAction\":[{\"@type\":\"ReadAction\",\"target\":[\"https:\/\/smart2dservices.com\/about-us\/\"]}]},{\"@type\":\"BreadcrumbList\",\"@id\":\"https:\/\/smart2dservices.com\/about-us\/#breadcrumb\",\"itemListElement\":[{\"@type\":\"ListItem\",\"position\":1,\"item\":{\"@type\":\"WebPage\",\"@id\":\"https:\/\/smart2dservices.com\/\",\"url\":\"https:\/\/smart2dservices.com\/\",\"name\":\"Accueil\"}},{\"@type\":\"ListItem\",\"position\":2,\"item\":{\"@type\":\"WebPage\",\"@id\":\"https:\/\/smart2dservices.com\/about-us\/\",\"url\":\"https:\/\/smart2dservices.com\/about-us\/\",\"name\":\"About Us\"}}]}]}<\/script>\n<!-- \/ Yoast SEO plugin. -->","_links":{"self":[{"href":"https:\/\/smart2dservices.com\/en\/wp-json\/wp\/v2\/pages\/1151"}],"collection":[{"href":"https:\/\/smart2dservices.com\/en\/wp-json\/wp\/v2\/pages"}],"about":[{"href":"https:\/\/smart2dservices.com\/en\/wp-json\/wp\/v2\/types\/page"}],"author":[{"embeddable":true,"href":"https:\/\/smart2dservices.com\/en\/wp-json\/wp\/v2\/users\/1"}],"replies":[{"embeddable":true,"href":"https:\/\/smart2dservices.com\/en\/wp-json\/wp\/v2\/comments?post=1151"}],"version-history":[{"count":45,"href":"https:\/\/smart2dservices.com\/en\/wp-json\/wp\/v2\/pages\/1151\/revisions"}],"predecessor-version":[{"id":1671,"href":"https:\/\/smart2dservices.com\/en\/wp-json\/wp\/v2\/pages\/1151\/revisions\/1671"}],"wp:attachment":[{"href":"https:\/\/smart2dservices.com\/en\/wp-json\/wp\/v2\/media?parent=1151"}],"curies":[{"name":"wp","href":"https:\/\/api.w.org\/{rel}","templated":true}]}}